{"id":538,"date":"2019-02-25T12:38:21","date_gmt":"2019-02-25T12:38:21","guid":{"rendered":"https:\/\/core.org.gt\/?page_id=538"},"modified":"2021-03-20T17:30:07","modified_gmt":"2021-03-20T17:30:07","slug":"nuestros-valores","status":"publish","type":"page","link":"https:\/\/core.org.gt\/en\/nuestros-valores\/","title":{"rendered":"Our Values"},"content":{"rendered":"<div data-elementor-type=\"wp-post\" data-elementor-id=\"538\" class=\"elementor elementor-538\">\n\t\t\t\t\t\t<section class=\"elementor-section elementor-top-section elementor-element elementor-element-5ae83f1 elementor-section-content-bottom elementor-section-boxed elementor-section-height-default elementor-section-height-default\" data-id=\"5ae83f1\" data-element_type=\"section\" data-e-type=\"section\" data-settings=\"{&quot;background_background&quot;:&quot;classic&quot;}\">\n\t\t\t\t\t\t\t<div class=\"elementor-background-overlay\"><\/div>\n\t\t\t\t\t\t\t<div class=\"elementor-container elementor-column-gap-no\">\n\t\t\t\t\t<div class=\"elementor-column elementor-col-100 elementor-top-column elementor-element elementor-element-49ee3de\" data-id=\"49ee3de\" data-element_type=\"column\" data-e-type=\"column\">\n\t\t\t<div class=\"elementor-widget-wrap elementor-element-populated\">\n\t\t\t\t\t\t<div class=\"elementor-element elementor-element-c828001 elementor-widget elementor-widget-heading\" data-id=\"c828001\" data-element_type=\"widget\" data-e-type=\"widget\" data-widget_type=\"heading.default\">\n\t\t\t\t<div class=\"elementor-widget-container\">\n\t\t\t\t\t<h1 class=\"elementor-heading-title elementor-size-default\">Values<\/h1>\t\t\t\t<\/div>\n\t\t\t\t<\/div>\n\t\t\t\t\t<\/div>\n\t\t<\/div>\n\t\t\t\t\t<\/div>\n\t\t<\/section>\n\t\t\t\t<section class=\"elementor-section elementor-top-section elementor-element elementor-element-8c7bcbe elementor-section-boxed elementor-section-height-default elementor-section-height-default\" data-id=\"8c7bcbe\" data-element_type=\"section\" data-e-type=\"section\" data-settings=\"{&quot;background_background&quot;:&quot;classic&quot;}\">\n\t\t\t\t\t\t<div class=\"elementor-container elementor-column-gap-default\">\n\t\t\t\t\t<div class=\"elementor-column elementor-col-100 elementor-top-column elementor-element elementor-element-2982b09\" data-id=\"2982b09\" data-element_type=\"column\" data-e-type=\"column\">\n\t\t\t<div class=\"elementor-widget-wrap elementor-element-populated\">\n\t\t\t\t\t\t<div class=\"elementor-element elementor-element-41f8c7c elementor-widget elementor-widget-heading\" data-id=\"41f8c7c\" data-element_type=\"widget\" data-e-type=\"widget\" data-widget_type=\"heading.default\">\n\t\t\t\t<div class=\"elementor-widget-container\">\n\t\t\t\t\t<h2 class=\"elementor-heading-title elementor-size-default\">Our Values<\/h2>\t\t\t\t<\/div>\n\t\t\t\t<\/div>\n\t\t\t\t<div class=\"elementor-element elementor-element-154f8f5 elementor-widget elementor-widget-text-editor\" data-id=\"154f8f5\" data-element_type=\"widget\" data-e-type=\"widget\" data-widget_type=\"text-editor.default\">\n\t\t\t\t<div class=\"elementor-widget-container\">\n\t\t\t\t\t\t\t\t\t<p>A value defines us not only as people but also as the dominant, thinking being that we are.\u00a0<\/p>\t\t\t\t\t\t\t\t<\/div>\n\t\t\t\t<\/div>\n\t\t\t\t\t<\/div>\n\t\t<\/div>\n\t\t\t\t\t<\/div>\n\t\t<\/section>\n\t\t\t\t<section class=\"elementor-section elementor-top-section elementor-element elementor-element-f6d147a elementor-section-boxed elementor-section-height-default elementor-section-height-default\" data-id=\"f6d147a\" data-element_type=\"section\" data-e-type=\"section\" data-settings=\"{&quot;background_background&quot;:&quot;classic&quot;}\">\n\t\t\t\t\t\t<div class=\"elementor-container elementor-column-gap-default\">\n\t\t\t\t\t<div class=\"elementor-column elementor-col-25 elementor-top-column elementor-element elementor-element-5152edb\" data-id=\"5152edb\" data-element_type=\"column\" data-e-type=\"column\">\n\t\t\t<div class=\"elementor-widget-wrap elementor-element-populated\">\n\t\t\t\t\t\t<div class=\"elementor-element elementor-element-69b01b5 elementor-widget elementor-widget-image\" data-id=\"69b01b5\" data-element_type=\"widget\" data-e-type=\"widget\" data-widget_type=\"image.default\">\n\t\t\t\t<div class=\"elementor-widget-container\">\n\t\t\t\t\t\t\t\t\t\t\t\t\t\t\t<img fetchpriority=\"high\" decoding=\"async\" width=\"500\" height=\"500\" src=\"https:\/\/i0.wp.com\/core.org.gt\/wp-content\/uploads\/2021\/03\/compasion-02.png?fit=500%2C500&amp;ssl=1\" class=\"attachment-large size-large wp-image-622\" alt=\"\" srcset=\"https:\/\/i0.wp.com\/core.org.gt\/wp-content\/uploads\/2021\/03\/compasion-02.png?w=500&amp;ssl=1 500w, https:\/\/i0.wp.com\/core.org.gt\/wp-content\/uploads\/2021\/03\/compasion-02.png?resize=300%2C300&amp;ssl=1 300w, https:\/\/i0.wp.com\/core.org.gt\/wp-content\/uploads\/2021\/03\/compasion-02.png?resize=150%2C150&amp;ssl=1 150w\" sizes=\"(max-width: 500px) 100vw, 500px\" \/>\t\t\t\t\t\t\t\t\t\t\t\t\t\t\t<\/div>\n\t\t\t\t<\/div>\n\t\t\t\t<div class=\"elementor-element elementor-element-56470c1 elementor-widget elementor-widget-heading\" data-id=\"56470c1\" data-element_type=\"widget\" data-e-type=\"widget\" data-widget_type=\"heading.default\">\n\t\t\t\t<div class=\"elementor-widget-container\">\n\t\t\t\t\t<h6 class=\"elementor-heading-title elementor-size-default\">Compassion<\/h6>\t\t\t\t<\/div>\n\t\t\t\t<\/div>\n\t\t\t\t<div class=\"elementor-element elementor-element-47d87b2 elementor-widget elementor-widget-image\" data-id=\"47d87b2\" data-element_type=\"widget\" data-e-type=\"widget\" data-widget_type=\"image.default\">\n\t\t\t\t<div class=\"elementor-widget-container\">\n\t\t\t\t\t\t\t\t\t\t\t\t\t\t\t<img decoding=\"async\" width=\"500\" height=\"500\" src=\"https:\/\/i0.wp.com\/core.org.gt\/wp-content\/uploads\/2021\/03\/Humildad-02.png?fit=500%2C500&amp;ssl=1\" class=\"attachment-large size-large wp-image-659\" alt=\"\" srcset=\"https:\/\/i0.wp.com\/core.org.gt\/wp-content\/uploads\/2021\/03\/Humildad-02.png?w=500&amp;ssl=1 500w, https:\/\/i0.wp.com\/core.org.gt\/wp-content\/uploads\/2021\/03\/Humildad-02.png?resize=300%2C300&amp;ssl=1 300w, https:\/\/i0.wp.com\/core.org.gt\/wp-content\/uploads\/2021\/03\/Humildad-02.png?resize=150%2C150&amp;ssl=1 150w\" sizes=\"(max-width: 500px) 100vw, 500px\" \/>\t\t\t\t\t\t\t\t\t\t\t\t\t\t\t<\/div>\n\t\t\t\t<\/div>\n\t\t\t\t<div class=\"elementor-element elementor-element-aaff9d1 elementor-widget elementor-widget-heading\" data-id=\"aaff9d1\" data-element_type=\"widget\" data-e-type=\"widget\" data-widget_type=\"heading.default\">\n\t\t\t\t<div class=\"elementor-widget-container\">\n\t\t\t\t\t<h6 class=\"elementor-heading-title elementor-size-default\">Humility<\/h6>\t\t\t\t<\/div>\n\t\t\t\t<\/div>\n\t\t\t\t<div class=\"elementor-element elementor-element-636af35 elementor-widget elementor-widget-image\" data-id=\"636af35\" data-element_type=\"widget\" data-e-type=\"widget\" data-widget_type=\"image.default\">\n\t\t\t\t<div class=\"elementor-widget-container\">\n\t\t\t\t\t\t\t\t\t\t\t\t\t\t\t<img decoding=\"async\" width=\"500\" height=\"500\" src=\"https:\/\/i0.wp.com\/core.org.gt\/wp-content\/uploads\/2021\/03\/Perdon-02.png?fit=500%2C500&amp;ssl=1\" class=\"attachment-large size-large wp-image-673\" alt=\"\" srcset=\"https:\/\/i0.wp.com\/core.org.gt\/wp-content\/uploads\/2021\/03\/Perdon-02.png?w=500&amp;ssl=1 500w, https:\/\/i0.wp.com\/core.org.gt\/wp-content\/uploads\/2021\/03\/Perdon-02.png?resize=300%2C300&amp;ssl=1 300w, https:\/\/i0.wp.com\/core.org.gt\/wp-content\/uploads\/2021\/03\/Perdon-02.png?resize=150%2C150&amp;ssl=1 150w\" sizes=\"(max-width: 500px) 100vw, 500px\" \/>\t\t\t\t\t\t\t\t\t\t\t\t\t\t\t<\/div>\n\t\t\t\t<\/div>\n\t\t\t\t<div class=\"elementor-element elementor-element-99dfb49 elementor-widget elementor-widget-heading\" data-id=\"99dfb49\" data-element_type=\"widget\" data-e-type=\"widget\" data-widget_type=\"heading.default\">\n\t\t\t\t<div class=\"elementor-widget-container\">\n\t\t\t\t\t<h6 class=\"elementor-heading-title elementor-size-default\">Sorry<\/h6>\t\t\t\t<\/div>\n\t\t\t\t<\/div>\n\t\t\t\t\t<\/div>\n\t\t<\/div>\n\t\t\t\t<div class=\"elementor-column elementor-col-25 elementor-top-column elementor-element elementor-element-e296c68\" data-id=\"e296c68\" data-element_type=\"column\" data-e-type=\"column\">\n\t\t\t<div class=\"elementor-widget-wrap elementor-element-populated\">\n\t\t\t\t\t\t<div class=\"elementor-element elementor-element-a3781da elementor-widget elementor-widget-image\" data-id=\"a3781da\" data-element_type=\"widget\" data-e-type=\"widget\" data-widget_type=\"image.default\">\n\t\t\t\t<div class=\"elementor-widget-container\">\n\t\t\t\t\t\t\t\t\t\t\t\t\t\t\t<img loading=\"lazy\" decoding=\"async\" width=\"500\" height=\"500\" src=\"https:\/\/i0.wp.com\/core.org.gt\/wp-content\/uploads\/2021\/03\/Equidad-02.png?fit=500%2C500&amp;ssl=1\" class=\"attachment-large size-large wp-image-630\" alt=\"\" srcset=\"https:\/\/i0.wp.com\/core.org.gt\/wp-content\/uploads\/2021\/03\/Equidad-02.png?w=500&amp;ssl=1 500w, https:\/\/i0.wp.com\/core.org.gt\/wp-content\/uploads\/2021\/03\/Equidad-02.png?resize=300%2C300&amp;ssl=1 300w, https:\/\/i0.wp.com\/core.org.gt\/wp-content\/uploads\/2021\/03\/Equidad-02.png?resize=150%2C150&amp;ssl=1 150w\" sizes=\"(max-width: 500px) 100vw, 500px\" \/>\t\t\t\t\t\t\t\t\t\t\t\t\t\t\t<\/div>\n\t\t\t\t<\/div>\n\t\t\t\t<div class=\"elementor-element elementor-element-f3f494d elementor-widget elementor-widget-heading\" data-id=\"f3f494d\" data-element_type=\"widget\" data-e-type=\"widget\" data-widget_type=\"heading.default\">\n\t\t\t\t<div class=\"elementor-widget-container\">\n\t\t\t\t\t<h6 class=\"elementor-heading-title elementor-size-default\">respect<\/h6>\t\t\t\t<\/div>\n\t\t\t\t<\/div>\n\t\t\t\t<div class=\"elementor-element elementor-element-2377a77 elementor-widget elementor-widget-image\" data-id=\"2377a77\" data-element_type=\"widget\" data-e-type=\"widget\" data-widget_type=\"image.default\">\n\t\t\t\t<div class=\"elementor-widget-container\">\n\t\t\t\t\t\t\t\t\t\t\t\t\t\t\t<img loading=\"lazy\" decoding=\"async\" width=\"500\" height=\"500\" src=\"https:\/\/i0.wp.com\/core.org.gt\/wp-content\/uploads\/2021\/03\/Integridad-02.png?fit=500%2C500&amp;ssl=1\" class=\"attachment-large size-large wp-image-670\" alt=\"\" srcset=\"https:\/\/i0.wp.com\/core.org.gt\/wp-content\/uploads\/2021\/03\/Integridad-02.png?w=500&amp;ssl=1 500w, https:\/\/i0.wp.com\/core.org.gt\/wp-content\/uploads\/2021\/03\/Integridad-02.png?resize=300%2C300&amp;ssl=1 300w, https:\/\/i0.wp.com\/core.org.gt\/wp-content\/uploads\/2021\/03\/Integridad-02.png?resize=150%2C150&amp;ssl=1 150w\" sizes=\"(max-width: 500px) 100vw, 500px\" \/>\t\t\t\t\t\t\t\t\t\t\t\t\t\t\t<\/div>\n\t\t\t\t<\/div>\n\t\t\t\t<div class=\"elementor-element elementor-element-8256505 elementor-widget elementor-widget-heading\" data-id=\"8256505\" data-element_type=\"widget\" data-e-type=\"widget\" data-widget_type=\"heading.default\">\n\t\t\t\t<div class=\"elementor-widget-container\">\n\t\t\t\t\t<h6 class=\"elementor-heading-title elementor-size-default\">inclusion<\/h6>\t\t\t\t<\/div>\n\t\t\t\t<\/div>\n\t\t\t\t<div class=\"elementor-element elementor-element-30a89b5 elementor-widget elementor-widget-image\" data-id=\"30a89b5\" data-element_type=\"widget\" data-e-type=\"widget\" data-widget_type=\"image.default\">\n\t\t\t\t<div class=\"elementor-widget-container\">\n\t\t\t\t\t\t\t\t\t\t\t\t\t\t\t<img loading=\"lazy\" decoding=\"async\" width=\"500\" height=\"500\" src=\"https:\/\/i0.wp.com\/core.org.gt\/wp-content\/uploads\/2021\/03\/Responsabilidad-02.png?fit=500%2C500&amp;ssl=1\" class=\"attachment-large size-large wp-image-674\" alt=\"\" srcset=\"https:\/\/i0.wp.com\/core.org.gt\/wp-content\/uploads\/2021\/03\/Responsabilidad-02.png?w=500&amp;ssl=1 500w, https:\/\/i0.wp.com\/core.org.gt\/wp-content\/uploads\/2021\/03\/Responsabilidad-02.png?resize=300%2C300&amp;ssl=1 300w, https:\/\/i0.wp.com\/core.org.gt\/wp-content\/uploads\/2021\/03\/Responsabilidad-02.png?resize=150%2C150&amp;ssl=1 150w\" sizes=\"(max-width: 500px) 100vw, 500px\" \/>\t\t\t\t\t\t\t\t\t\t\t\t\t\t\t<\/div>\n\t\t\t\t<\/div>\n\t\t\t\t<div class=\"elementor-element elementor-element-6031ac2 elementor-widget elementor-widget-heading\" data-id=\"6031ac2\" data-element_type=\"widget\" data-e-type=\"widget\" data-widget_type=\"heading.default\">\n\t\t\t\t<div class=\"elementor-widget-container\">\n\t\t\t\t\t<h6 class=\"elementor-heading-title elementor-size-default\">Responsibility<\/h6>\t\t\t\t<\/div>\n\t\t\t\t<\/div>\n\t\t\t\t\t<\/div>\n\t\t<\/div>\n\t\t\t\t<div class=\"elementor-column elementor-col-25 elementor-top-column elementor-element elementor-element-dd8764d\" data-id=\"dd8764d\" data-element_type=\"column\" data-e-type=\"column\">\n\t\t\t<div class=\"elementor-widget-wrap elementor-element-populated\">\n\t\t\t\t\t\t<div class=\"elementor-element elementor-element-3dda691 elementor-widget elementor-widget-image\" data-id=\"3dda691\" data-element_type=\"widget\" data-e-type=\"widget\" data-widget_type=\"image.default\">\n\t\t\t\t<div class=\"elementor-widget-container\">\n\t\t\t\t\t\t\t\t\t\t\t\t\t\t\t<img loading=\"lazy\" decoding=\"async\" width=\"500\" height=\"500\" src=\"https:\/\/i0.wp.com\/core.org.gt\/wp-content\/uploads\/2021\/03\/Etica-02.png?fit=500%2C500&amp;ssl=1\" class=\"attachment-large size-large wp-image-632\" alt=\"\" srcset=\"https:\/\/i0.wp.com\/core.org.gt\/wp-content\/uploads\/2021\/03\/Etica-02.png?w=500&amp;ssl=1 500w, https:\/\/i0.wp.com\/core.org.gt\/wp-content\/uploads\/2021\/03\/Etica-02.png?resize=300%2C300&amp;ssl=1 300w, https:\/\/i0.wp.com\/core.org.gt\/wp-content\/uploads\/2021\/03\/Etica-02.png?resize=150%2C150&amp;ssl=1 150w\" sizes=\"(max-width: 500px) 100vw, 500px\" \/>\t\t\t\t\t\t\t\t\t\t\t\t\t\t\t<\/div>\n\t\t\t\t<\/div>\n\t\t\t\t<div class=\"elementor-element elementor-element-b7553eb elementor-widget elementor-widget-heading\" data-id=\"b7553eb\" data-element_type=\"widget\" data-e-type=\"widget\" data-widget_type=\"heading.default\">\n\t\t\t\t<div class=\"elementor-widget-container\">\n\t\t\t\t\t<h6 class=\"elementor-heading-title elementor-size-default\">Ethics<\/h6>\t\t\t\t<\/div>\n\t\t\t\t<\/div>\n\t\t\t\t<div class=\"elementor-element elementor-element-1021a5d elementor-widget elementor-widget-image\" data-id=\"1021a5d\" data-element_type=\"widget\" data-e-type=\"widget\" data-widget_type=\"image.default\">\n\t\t\t\t<div class=\"elementor-widget-container\">\n\t\t\t\t\t\t\t\t\t\t\t\t\t\t\t<img loading=\"lazy\" decoding=\"async\" width=\"500\" height=\"500\" src=\"https:\/\/i0.wp.com\/core.org.gt\/wp-content\/uploads\/2021\/03\/Justicia-restaurada-02.png?fit=500%2C500&amp;ssl=1\" class=\"attachment-large size-large wp-image-671\" alt=\"\" srcset=\"https:\/\/i0.wp.com\/core.org.gt\/wp-content\/uploads\/2021\/03\/Justicia-restaurada-02.png?w=500&amp;ssl=1 500w, https:\/\/i0.wp.com\/core.org.gt\/wp-content\/uploads\/2021\/03\/Justicia-restaurada-02.png?resize=300%2C300&amp;ssl=1 300w, https:\/\/i0.wp.com\/core.org.gt\/wp-content\/uploads\/2021\/03\/Justicia-restaurada-02.png?resize=150%2C150&amp;ssl=1 150w\" sizes=\"(max-width: 500px) 100vw, 500px\" \/>\t\t\t\t\t\t\t\t\t\t\t\t\t\t\t<\/div>\n\t\t\t\t<\/div>\n\t\t\t\t<div class=\"elementor-element elementor-element-b4adeeb elementor-widget elementor-widget-heading\" data-id=\"b4adeeb\" data-element_type=\"widget\" data-e-type=\"widget\" data-widget_type=\"heading.default\">\n\t\t\t\t<div class=\"elementor-widget-container\">\n\t\t\t\t\t<h6 class=\"elementor-heading-title elementor-size-default\">Security<\/h6>\t\t\t\t<\/div>\n\t\t\t\t<\/div>\n\t\t\t\t<div class=\"elementor-element elementor-element-ed0e09e elementor-widget elementor-widget-image\" data-id=\"ed0e09e\" data-element_type=\"widget\" data-e-type=\"widget\" data-widget_type=\"image.default\">\n\t\t\t\t<div class=\"elementor-widget-container\">\n\t\t\t\t\t\t\t\t\t\t\t\t\t\t\t<img loading=\"lazy\" decoding=\"async\" width=\"500\" height=\"500\" src=\"https:\/\/i0.wp.com\/core.org.gt\/wp-content\/uploads\/2021\/03\/tolerancia-02.png?fit=500%2C500&amp;ssl=1\" class=\"attachment-large size-large wp-image-675\" alt=\"\" srcset=\"https:\/\/i0.wp.com\/core.org.gt\/wp-content\/uploads\/2021\/03\/tolerancia-02.png?w=500&amp;ssl=1 500w, https:\/\/i0.wp.com\/core.org.gt\/wp-content\/uploads\/2021\/03\/tolerancia-02.png?resize=300%2C300&amp;ssl=1 300w, https:\/\/i0.wp.com\/core.org.gt\/wp-content\/uploads\/2021\/03\/tolerancia-02.png?resize=150%2C150&amp;ssl=1 150w\" sizes=\"(max-width: 500px) 100vw, 500px\" \/>\t\t\t\t\t\t\t\t\t\t\t\t\t\t\t<\/div>\n\t\t\t\t<\/div>\n\t\t\t\t<div class=\"elementor-element elementor-element-9162486 elementor-widget elementor-widget-heading\" data-id=\"9162486\" data-element_type=\"widget\" data-e-type=\"widget\" data-widget_type=\"heading.default\">\n\t\t\t\t<div class=\"elementor-widget-container\">\n\t\t\t\t\t<h6 class=\"elementor-heading-title elementor-size-default\">transformation<\/h6>\t\t\t\t<\/div>\n\t\t\t\t<\/div>\n\t\t\t\t\t<\/div>\n\t\t<\/div>\n\t\t\t\t<div class=\"elementor-column elementor-col-25 elementor-top-column elementor-element elementor-element-1ad9c24\" data-id=\"1ad9c24\" data-element_type=\"column\" data-e-type=\"column\">\n\t\t\t<div class=\"elementor-widget-wrap elementor-element-populated\">\n\t\t\t\t\t\t<div class=\"elementor-element elementor-element-dfefc2e elementor-widget elementor-widget-image\" data-id=\"dfefc2e\" data-element_type=\"widget\" data-e-type=\"widget\" data-widget_type=\"image.default\">\n\t\t\t\t<div class=\"elementor-widget-container\">\n\t\t\t\t\t\t\t\t\t\t\t\t\t\t\t<img loading=\"lazy\" decoding=\"async\" width=\"500\" height=\"500\" src=\"https:\/\/i0.wp.com\/core.org.gt\/wp-content\/uploads\/2021\/03\/Humanidad-02.png?fit=500%2C500&amp;ssl=1\" class=\"attachment-large size-large wp-image-633\" alt=\"\" srcset=\"https:\/\/i0.wp.com\/core.org.gt\/wp-content\/uploads\/2021\/03\/Humanidad-02.png?w=500&amp;ssl=1 500w, https:\/\/i0.wp.com\/core.org.gt\/wp-content\/uploads\/2021\/03\/Humanidad-02.png?resize=300%2C300&amp;ssl=1 300w, https:\/\/i0.wp.com\/core.org.gt\/wp-content\/uploads\/2021\/03\/Humanidad-02.png?resize=150%2C150&amp;ssl=1 150w\" sizes=\"(max-width: 500px) 100vw, 500px\" \/>\t\t\t\t\t\t\t\t\t\t\t\t\t\t\t<\/div>\n\t\t\t\t<\/div>\n\t\t\t\t<div class=\"elementor-element elementor-element-9382c6f elementor-widget elementor-widget-heading\" data-id=\"9382c6f\" data-element_type=\"widget\" data-e-type=\"widget\" data-widget_type=\"heading.default\">\n\t\t\t\t<div class=\"elementor-widget-container\">\n\t\t\t\t\t<h6 class=\"elementor-heading-title elementor-size-default\">Humanity<\/h6>\t\t\t\t<\/div>\n\t\t\t\t<\/div>\n\t\t\t\t<div class=\"elementor-element elementor-element-6c0f7a3 elementor-widget elementor-widget-image\" data-id=\"6c0f7a3\" data-element_type=\"widget\" data-e-type=\"widget\" data-widget_type=\"image.default\">\n\t\t\t\t<div class=\"elementor-widget-container\">\n\t\t\t\t\t\t\t\t\t\t\t\t\t\t\t<img loading=\"lazy\" decoding=\"async\" width=\"500\" height=\"500\" src=\"https:\/\/i0.wp.com\/core.org.gt\/wp-content\/uploads\/2021\/03\/Justicia-02.png?fit=500%2C500&amp;ssl=1\" class=\"attachment-large size-large wp-image-672\" alt=\"\" srcset=\"https:\/\/i0.wp.com\/core.org.gt\/wp-content\/uploads\/2021\/03\/Justicia-02.png?w=500&amp;ssl=1 500w, https:\/\/i0.wp.com\/core.org.gt\/wp-content\/uploads\/2021\/03\/Justicia-02.png?resize=300%2C300&amp;ssl=1 300w, https:\/\/i0.wp.com\/core.org.gt\/wp-content\/uploads\/2021\/03\/Justicia-02.png?resize=150%2C150&amp;ssl=1 150w\" sizes=\"(max-width: 500px) 100vw, 500px\" \/>\t\t\t\t\t\t\t\t\t\t\t\t\t\t\t<\/div>\n\t\t\t\t<\/div>\n\t\t\t\t<div class=\"elementor-element elementor-element-c1d3824 elementor-widget elementor-widget-heading\" data-id=\"c1d3824\" data-element_type=\"widget\" data-e-type=\"widget\" data-widget_type=\"heading.default\">\n\t\t\t\t<div class=\"elementor-widget-container\">\n\t\t\t\t\t<h6 class=\"elementor-heading-title elementor-size-default\">Justice<\/h6>\t\t\t\t<\/div>\n\t\t\t\t<\/div>\n\t\t\t\t\t<\/div>\n\t\t<\/div>\n\t\t\t\t\t<\/div>\n\t\t<\/section>\n\t\t\t\t<section class=\"elementor-section elementor-top-section elementor-element elementor-element-5c448bc elementor-section-boxed elementor-section-height-default elementor-section-height-default\" data-id=\"5c448bc\" data-element_type=\"section\" data-e-type=\"section\" data-settings=\"{&quot;background_background&quot;:&quot;classic&quot;}\">\n\t\t\t\t\t\t\t<div class=\"elementor-background-overlay\"><\/div>\n\t\t\t\t\t\t\t<div class=\"elementor-container elementor-column-gap-no\">\n\t\t\t\t\t<div class=\"elementor-column elementor-col-50 elementor-top-column elementor-element elementor-element-8bea0f2\" data-id=\"8bea0f2\" data-element_type=\"column\" data-e-type=\"column\">\n\t\t\t<div class=\"elementor-widget-wrap elementor-element-populated\">\n\t\t\t\t\t\t<div class=\"elementor-element elementor-element-9fc66ce elementor-widget elementor-widget-heading\" data-id=\"9fc66ce\" data-element_type=\"widget\" data-e-type=\"widget\" data-widget_type=\"heading.default\">\n\t\t\t\t<div class=\"elementor-widget-container\">\n\t\t\t\t\t<h2 class=\"elementor-heading-title elementor-size-default\">MISSION<\/h2>\t\t\t\t<\/div>\n\t\t\t\t<\/div>\n\t\t\t\t<div class=\"elementor-element elementor-element-68800b8 elementor-widget elementor-widget-text-editor\" data-id=\"68800b8\" data-element_type=\"widget\" data-e-type=\"widget\" data-widget_type=\"text-editor.default\">\n\t\t\t\t<div class=\"elementor-widget-container\">\n\t\t\t\t\t\t\t\t\t<p><span style=\"font-weight: 400;\">Linking the population deprived of liberty with the population at risk by creating spaces for opportunity, restoration and reintegration in a just, safe and peaceful society.<\/span><\/p>\t\t\t\t\t\t\t\t<\/div>\n\t\t\t\t<\/div>\n\t\t\t\t\t<\/div>\n\t\t<\/div>\n\t\t\t\t<div class=\"elementor-column elementor-col-50 elementor-top-column elementor-element elementor-element-42f23df\" data-id=\"42f23df\" data-element_type=\"column\" data-e-type=\"column\">\n\t\t\t<div class=\"elementor-widget-wrap elementor-element-populated\">\n\t\t\t\t\t\t<div class=\"elementor-element elementor-element-bd60189 elementor-widget elementor-widget-heading\" data-id=\"bd60189\" data-element_type=\"widget\" data-e-type=\"widget\" data-widget_type=\"heading.default\">\n\t\t\t\t<div class=\"elementor-widget-container\">\n\t\t\t\t\t<h2 class=\"elementor-heading-title elementor-size-default\">VISION<\/h2>\t\t\t\t<\/div>\n\t\t\t\t<\/div>\n\t\t\t\t<div class=\"elementor-element elementor-element-35a5ebc elementor-widget elementor-widget-text-editor\" data-id=\"35a5ebc\" data-element_type=\"widget\" data-e-type=\"widget\" data-widget_type=\"text-editor.default\">\n\t\t\t\t<div class=\"elementor-widget-container\">\n\t\t\t\t\t\t\t\t\t<p><span style=\"font-weight: 400;\">A Guatemala in which respect for human rights, security and peace for all people is guaranteed through comprehensive education, job training and justice.<\/span><\/p>\t\t\t\t\t\t\t\t<\/div>\n\t\t\t\t<\/div>\n\t\t\t\t\t<\/div>\n\t\t<\/div>\n\t\t\t\t\t<\/div>\n\t\t<\/section>\n\t\t\t\t<\/div>","protected":false},"excerpt":{"rendered":"<p>valores Nuestros Valores Un valor nos define no solo como personas sino tambi\u00e9n como \u00e9l ser dominante y pensante que somos.\u00a0 Compasi\u00f3n Humildad Perd\u00f3n respeto inclusi\u00f3n Responsabilidad \u00c9tica Seguridad transformaci\u00f3n Humanidad Justicia MISI\u00d3N Enlazar a la poblaci\u00f3n privada de libertad con la poblaci\u00f3n en riesgo creando espacios de oportunidad, restauraci\u00f3n y reintegraci\u00f3n en una sociedad [&hellip;]<\/p>\n","protected":false},"author":1,"featured_media":0,"parent":0,"menu_order":0,"comment_status":"closed","ping_status":"closed","template":"","meta":{"nf_dc_page":"","om_disable_all_campaigns":false,"_monsterinsights_skip_tracking":false,"_monsterinsights_sitenote_active":false,"_monsterinsights_sitenote_note":"","_monsterinsights_sitenote_category":0,"site-sidebar-layout":"no-sidebar","site-content-layout":"page-builder","ast-site-content-layout":"default","site-content-style":"default","site-sidebar-style":"default","ast-global-header-display":"","ast-banner-title-visibility":"","ast-main-header-display":"","ast-hfb-above-header-display":"","ast-hfb-below-header-display":"","ast-hfb-mobile-header-display":"","site-post-title":"disabled","ast-breadcrumbs-content":"","ast-featured-img":"disabled","footer-sml-layout":"","ast-disable-related-posts":"","theme-transparent-header-meta":"enabled","adv-header-id-meta":"","stick-header-meta":"","header-above-stick-meta":"","header-main-stick-meta":"","header-below-stick-meta":"","astra-migrate-meta-layouts":"default","ast-page-background-enabled":"default","ast-page-background-meta":{"desktop":{"background-color":"","background-image":"","background-repeat":"repeat","background-position":"center center","background-size":"auto","background-attachment":"scroll","background-type":"","background-media":"","overlay-type":"","overlay-color":"","overlay-opacity":"","overlay-gradient":""},"tablet":{"background-color":"","background-image":"","background-repeat":"repeat","background-position":"center center","background-size":"auto","background-attachment":"scroll","background-type":"","background-media":"","overlay-type":"","overlay-color":"","overlay-opacity":"","overlay-gradient":""},"mobile":{"background-color":"","background-image":"","background-repeat":"repeat","background-position":"center center","background-size":"auto","background-attachment":"scroll","background-type":"","background-media":"","overlay-type":"","overlay-color":"","overlay-opacity":"","overlay-gradient":""}},"ast-content-background-meta":{"desktop":{"background-color":"var(--ast-global-color-5)","background-image":"","background-repeat":"repeat","background-position":"center center","background-size":"auto","background-attachment":"scroll","background-type":"","background-media":"","overlay-type":"","overlay-color":"","overlay-opacity":"","overlay-gradient":""},"tablet":{"background-color":"var(--ast-global-color-5)","background-image":"","background-repeat":"repeat","background-position":"center center","background-size":"auto","background-attachment":"scroll","background-type":"","background-media":"","overlay-type":"","overlay-color":"","overlay-opacity":"","overlay-gradient":""},"mobile":{"background-color":"var(--ast-global-color-5)","background-image":"","background-repeat":"repeat","background-position":"center center","background-size":"auto","background-attachment":"scroll","background-type":"","background-media":"","overlay-type":"","overlay-color":"","overlay-opacity":"","overlay-gradient":""}},"_joinchat":[],"footnotes":""},"class_list":["post-538","page","type-page","status-publish","hentry"],"jetpack_sharing_enabled":true,"_links":{"self":[{"href":"https:\/\/core.org.gt\/en\/wp-json\/wp\/v2\/pages\/538","targetHints":{"allow":["GET"]}}],"collection":[{"href":"https:\/\/core.org.gt\/en\/wp-json\/wp\/v2\/pages"}],"about":[{"href":"https:\/\/core.org.gt\/en\/wp-json\/wp\/v2\/types\/page"}],"author":[{"embeddable":true,"href":"https:\/\/core.org.gt\/en\/wp-json\/wp\/v2\/users\/1"}],"replies":[{"embeddable":true,"href":"https:\/\/core.org.gt\/en\/wp-json\/wp\/v2\/comments?post=538"}],"version-history":[{"count":5,"href":"https:\/\/core.org.gt\/en\/wp-json\/wp\/v2\/pages\/538\/revisions"}],"predecessor-version":[{"id":784,"href":"https:\/\/core.org.gt\/en\/wp-json\/wp\/v2\/pages\/538\/revisions\/784"}],"wp:attachment":[{"href":"https:\/\/core.org.gt\/en\/wp-json\/wp\/v2\/media?parent=538"}],"curies":[{"name":"wp","href":"https:\/\/api.w.org\/{rel}","templated":true}]}}